{"id":9,"date":"2022-07-27T14:04:37","date_gmt":"2022-07-27T14:04:37","guid":{"rendered":"https:\/\/byrein.dk\/yoga\/?page_id=9"},"modified":"2022-08-03T18:10:50","modified_gmt":"2022-08-03T18:10:50","slug":"om-mig","status":"publish","type":"page","link":"https:\/\/yoga.byrein.dk\/index.php\/om-mig\/","title":{"rendered":"Om mig"},"content":{"rendered":"<p>Mit navn er Lea Olsen Reinemo og jeg underviser i Hatha, b\u00f8rne- og gravidyoga. Min rejse med undervisning startede allerede for 10 \u00e5r siden, da jeg startede som gymnastisktr\u00e6ner i den lokale gymnastikforening. I mange \u00e5r havde jeg for\u00e6ldre\/barn gymnastikhold og var p\u00e5 mange kurser indenfor b\u00f8rn og bev\u00e6gelse. I min fritid begyndte jeg at dyrke yoga og hurtigt voksede min interesse for yogaens verden. Jeg startede med f\u00f8rst at uddanne mig som b\u00f8rneyogal\u00e6rer, da jeg ogs\u00e5 var ved at uddanne mig til dagtilbudsp\u00e6dagog. Derved fik jeg mulighed for at forbinde mit arbejde og fritidsinteresser. Jeg har nydt at lave yoga med en masse sk\u00f8nne b\u00f8rn i dagtilbud og ogs\u00e5 brugt yogaen aktivt med mine gymnastikhold.<\/p>\n<p>Min interesse for yoga voksede mere og mere, og i sommeren 2019 tog jeg til Holland for at tage min Hatha Yogauddannelse. Dette endte med ikke blot at v\u00e6re en uddannelse men ogs\u00e5 en personlig rejse. Uddannelsen kr\u00e6vede disciplin, vilje og styrke eftersom vi b\u00e5de havde et t\u00e6t pakket dagsprogram, men ogs\u00e5 fordi vi skulle efterleve yogisk livsstil. Fordi jeg tog uddannelsen i Holland var der yogier fra mange forskellige lande og dette skabte stor rummelighed og mangfoldighed. Yogaens verden byder p\u00e5 mange fantastiske v\u00e6rdier, som jeg har taget med mig hjem og pr\u00f8ver at leve efter i dag.<\/p>\n<p>Min seneste uddannelse i yogaens univers er gravidyogal\u00e6rer, som jeg l\u00e6ste mens jeg var gravid og inden jeg gik p\u00e5 barsel med min datter. Nu er min barsel ved at v\u00e6re slut og jeg br\u00e6nder for at komme ud og undervise yoga igen. Jeg h\u00e5ber, at jeg kan videregive gl\u00e6den ved yoga og v\u00e6re med til at inspirere til mere bev\u00e6gelse, ro og mindfulness i din hverdag.<\/p>\n<p>&nbsp;<\/p>\n<h6>Kort om min undervisning<\/h6>\n<p>Jeg har flere \u00e5rs erfaring inden for undervisning af b\u00f8rn og voksne og det er vigtig for mig at alle f\u00f8ler sig velkomne p\u00e5 mine hold. Mine hold henvender sig is\u00e6r til dig, som er ny i yogaens verden, eller dig, der har dyrket lidt yoga og gerne vil dykke mere ned i yogaens univers. Jeg fors\u00f8ger l\u00f8bende at tilpasse min undervisning, til dem der er p\u00e5 holdet, og tager hensyn til eventuelle skader eller s\u00e6rlige behov.<br \/>\n<img loading=\"lazy\" decoding=\"async\" class=\"aligncenter wp-image-115\" src=\"https:\/\/yoga.byrein.dk\/wp-content\/uploads\/2022\/08\/IMG_20220801_102117-scaled-e1659361863372-903x1024.jpg\" alt=\"\" width=\"500\" height=\"567\" srcset=\"https:\/\/yoga.byrein.dk\/wp-content\/uploads\/2022\/08\/IMG_20220801_102117-scaled-e1659361863372-903x1024.jpg 903w, https:\/\/yoga.byrein.dk\/wp-content\/uploads\/2022\/08\/IMG_20220801_102117-scaled-e1659361863372-264x300.jpg 264w, https:\/\/yoga.byrein.dk\/wp-content\/uploads\/2022\/08\/IMG_20220801_102117-scaled-e1659361863372-768x871.jpg 768w, https:\/\/yoga.byrein.dk\/wp-content\/uploads\/2022\/08\/IMG_20220801_102117-scaled-e1659361863372-1354x1536.jpg 1354w, https:\/\/yoga.byrein.dk\/wp-content\/uploads\/2022\/08\/IMG_20220801_102117-scaled-e1659361863372.jpg 1721w\" sizes=\"auto, (max-width: 500px) 100vw, 500px\" \/><\/p>\n<h5><\/h5>\n<h6>Uddannelser<\/h6>\n<p><strong>International certificeret Hatha yogal\u00e6rer fra Arhanta Yoga Ashram i Holland (RYT 200 t)<\/strong><\/p>\n<p><strong>B\u00f8rne yogal\u00e6rer ved YogaRollinger (RCYT 95 t)<\/strong><\/p>\n<p><strong>Gravid yogal\u00e6rer ved H\u00e9lt gravid (110 t)<\/strong><\/p>\n<p><strong>Uddannet dagtilbudsp\u00e6dagog (Campus Carlsberg 2020)<\/strong><\/p>\n","protected":false},"excerpt":{"rendered":"<p>Mit navn er Lea Olsen Reinemo og jeg underviser i Hatha, b\u00f8rne- og gravidyoga. Min rejse med undervisning startede allerede for 10 \u00e5r siden, da jeg startede som gymnastisktr\u00e6ner i den lokale gymnastikforening. I mange \u00e5r havde jeg for\u00e6ldre\/barn gymnastikhold og var p\u00e5 mange kurser indenfor b\u00f8rn og bev\u00e6gelse. I min fritid begyndte jeg at <a href=\"https:\/\/yoga.byrein.dk\/index.php\/om-mig\/\" class=\"read-more below\" title=\"READ MORE\">READ MORE<\/a><\/p>\n","protected":false},"author":1,"featured_media":0,"parent":0,"menu_order":0,"comment_status":"closed","ping_status":"closed","template":"","meta":{"footnotes":""},"class_list":["post-9","page","type-page","status-publish","hentry"],"_links":{"self":[{"href":"https:\/\/yoga.byrein.dk\/index.php\/wp-json\/wp\/v2\/pages\/9","targetHints":{"allow":["GET"]}}],"collection":[{"href":"https:\/\/yoga.byrein.dk\/index.php\/wp-json\/wp\/v2\/pages"}],"about":[{"href":"https:\/\/yoga.byrein.dk\/index.php\/wp-json\/wp\/v2\/types\/page"}],"author":[{"embeddable":true,"href":"https:\/\/yoga.byrein.dk\/index.php\/wp-json\/wp\/v2\/users\/1"}],"replies":[{"embeddable":true,"href":"https:\/\/yoga.byrein.dk\/index.php\/wp-json\/wp\/v2\/comments?post=9"}],"version-history":[{"count":30,"href":"https:\/\/yoga.byrein.dk\/index.php\/wp-json\/wp\/v2\/pages\/9\/revisions"}],"predecessor-version":[{"id":248,"href":"https:\/\/yoga.byrein.dk\/index.php\/wp-json\/wp\/v2\/pages\/9\/revisions\/248"}],"wp:attachment":[{"href":"https:\/\/yoga.byrein.dk\/index.php\/wp-json\/wp\/v2\/media?parent=9"}],"curies":[{"name":"wp","href":"https:\/\/api.w.org\/{rel}","templated":true}]}}