{"id":167,"date":"2022-08-01T18:16:44","date_gmt":"2022-08-01T18:16:44","guid":{"rendered":"https:\/\/byrein.dk\/yoga\/?page_id=167"},"modified":"2022-11-06T20:02:18","modified_gmt":"2022-11-06T20:02:18","slug":"tilmeld-dig-2","status":"publish","type":"page","link":"https:\/\/yoga.byrein.dk\/index.php\/tilmeld-dig-2\/","title":{"rendered":"Tilmeld dig"},"content":{"rendered":"<header class=\"entry-header\">\n<p class=\"entry-title\"><span style=\"font-size: 14px; color: #4c5250; letter-spacing: 0px;\">For at tilmelde dig mine hold, skal du blot sende en mail til; <a href=\"mailto:lea@by-rein.dk\">lea@by-rein.dk<\/a> eller kontakte mig p\u00e5 tlf.: <a href=\"tel:26668926\">2666 8926<\/a>. Du er ogs\u00e5 velkommen til bare at dukke op p\u00e5 holdet, der er ledige pladser.\u00a0<\/span><\/p>\n<p>Lige nu er der tre gange tilbage af den igangv\u00e6rende forl\u00f8b. Du er meget velkommen p\u00e5 holdet og jeg tilbyder som altid en gratis pr\u00f8vetime. Efter efter\u00e5rsferien starter nyt holdforl\u00f8b p\u00e5 8 gange, jeg forts\u00e6tter samme hold i samme tidsrum.<\/p>\n<\/header>\n<article id=\"post-45\" class=\"post-45 page type-page status-draft hentry\">\n<div class=\"entry-content\">\n<p>Holdundervisning foreg\u00e5r i <a href=\"https:\/\/goo.gl\/maps\/5sH5VKRw8qxK8R9A7\">Ro\u2019s kilde helsecenter, Vindingevej 34E<\/a>. Du er meget velkommen til at tage dit eget udstyr med, men det ogs\u00e5 er muligt at l\u00e5ne alt udstyr, b\u00e5de yogam\u00e5tte, pude, t\u00e6ppe, blokke osv. Der er gode faciliteter med toilet, omkl\u00e6dning og et hyggeligt loungeomr\u00e5de, man kan sidde i f\u00f8r og efter undervisningen.<\/p>\n<p>&nbsp;<\/p>\n<h5><span style=\"font-family: Lato, sans-serif; font-size: 24px; letter-spacing: 0px;\">Priser (forl\u00f8b fra efter\u00e5rsferie og frem til jul):<\/span><\/h5>\n<\/div>\n<\/article>\n<h6><a href=\"https:\/\/yoga.byrein.dk\/index.php\/ugentlige-hold\/#:~:text=endelig%20til%20mig.-,Godmorgen%20yoga,-Kom%20godt%20igang\">Godmorgen yoga &#8211; kl 7.00-8.00<\/a><\/h6>\n<p><em><strong>600,- for 6 gange (uge 45-50)\u00a0 + inklusiv en gratis pr\u00f8ve time<\/strong><\/em><\/p>\n<p>&nbsp;<\/p>\n<h6><a href=\"https:\/\/yoga.byrein.dk\/index.php\/ugentlige-hold\/#:~:text=ugen%20med%20mig.-,Barsels%20yoga,-Dette%20hold%20er\">Blid gravidyoga &#8211; kl. 9.00-10.30<\/a><\/h6>\n<p><em><strong>750,- for 6 gange (uge 45-50) + inklusiv en gratis pr\u00f8ve time<\/strong><\/em><\/p>\n<p>&nbsp;<\/p>\n<p>Undervisningsgange tilbage: 7\/11, 14\/11, 21\/11, 28\/11, 5\/12 og 12\/12<\/p>\n<article id=\"post-45\" class=\"post-45 page type-page status-draft hentry\">\n<div class=\"entry-content\">\n<p>&nbsp;<\/p>\n<p><strong>Jeg gl\u00e6der mig til at h\u00f8re fra dig<\/strong><\/p>\n<\/div>\n<\/article>\n<p><img loading=\"lazy\" decoding=\"async\" class=\"alignnone wp-image-72\" src=\"https:\/\/yoga.byrein.dk\/wp-content\/uploads\/2022\/08\/IMG_20220801_093309-scaled.jpg\" alt=\"\" width=\"562\" height=\"253\" srcset=\"https:\/\/yoga.byrein.dk\/wp-content\/uploads\/2022\/08\/IMG_20220801_093309-scaled.jpg 2560w, https:\/\/yoga.byrein.dk\/wp-content\/uploads\/2022\/08\/IMG_20220801_093309-300x135.jpg 300w, https:\/\/yoga.byrein.dk\/wp-content\/uploads\/2022\/08\/IMG_20220801_093309-1024x461.jpg 1024w, https:\/\/yoga.byrein.dk\/wp-content\/uploads\/2022\/08\/IMG_20220801_093309-768x346.jpg 768w, https:\/\/yoga.byrein.dk\/wp-content\/uploads\/2022\/08\/IMG_20220801_093309-1536x691.jpg 1536w, https:\/\/yoga.byrein.dk\/wp-content\/uploads\/2022\/08\/IMG_20220801_093309-2048x922.jpg 2048w\" sizes=\"auto, (max-width: 562px) 100vw, 562px\" \/><\/p>\n","protected":false},"excerpt":{"rendered":"<p>For at tilmelde dig mine hold, skal du blot sende en mail til; lea@by-rein.dk eller kontakte mig p\u00e5 tlf.: 2666 8926. Du er ogs\u00e5 velkommen til bare at dukke op p\u00e5 holdet, der er ledige pladser.\u00a0 Lige nu er der tre gange tilbage af den igangv\u00e6rende forl\u00f8b. Du er meget velkommen p\u00e5 holdet og jeg <a href=\"https:\/\/yoga.byrein.dk\/index.php\/tilmeld-dig-2\/\" class=\"read-more below\" title=\"READ MORE\">READ MORE<\/a><\/p>\n","protected":false},"author":1,"featured_media":0,"parent":0,"menu_order":0,"comment_status":"closed","ping_status":"closed","template":"","meta":{"footnotes":""},"class_list":["post-167","page","type-page","status-publish","hentry"],"_links":{"self":[{"href":"https:\/\/yoga.byrein.dk\/index.php\/wp-json\/wp\/v2\/pages\/167","targetHints":{"allow":["GET"]}}],"collection":[{"href":"https:\/\/yoga.byrein.dk\/index.php\/wp-json\/wp\/v2\/pages"}],"about":[{"href":"https:\/\/yoga.byrein.dk\/index.php\/wp-json\/wp\/v2\/types\/page"}],"author":[{"embeddable":true,"href":"https:\/\/yoga.byrein.dk\/index.php\/wp-json\/wp\/v2\/users\/1"}],"replies":[{"embeddable":true,"href":"https:\/\/yoga.byrein.dk\/index.php\/wp-json\/wp\/v2\/comments?post=167"}],"version-history":[{"count":20,"href":"https:\/\/yoga.byrein.dk\/index.php\/wp-json\/wp\/v2\/pages\/167\/revisions"}],"predecessor-version":[{"id":325,"href":"https:\/\/yoga.byrein.dk\/index.php\/wp-json\/wp\/v2\/pages\/167\/revisions\/325"}],"wp:attachment":[{"href":"https:\/\/yoga.byrein.dk\/index.php\/wp-json\/wp\/v2\/media?parent=167"}],"curies":[{"name":"wp","href":"https:\/\/api.w.org\/{rel}","templated":true}]}}